{"id":2627,"date":"2025-11-21T08:23:49","date_gmt":"2025-11-21T08:23:49","guid":{"rendered":"https:\/\/www.mayexportimport.com\/%d8%a3%d9%86%d8%ac%d9%88%d8%b3\/"},"modified":"2025-11-22T08:59:12","modified_gmt":"2025-11-22T08:59:12","slug":"%d8%a3%d9%86%d8%ac%d9%88%d8%b3","status":"publish","type":"page","link":"https:\/\/www.mayexportimport.com\/ar\/%d8%a3%d9%86%d8%ac%d9%88%d8%b3\/","title":{"rendered":"\u0623\u0646\u062c\u0648\u0633"},"content":{"rendered":"\t\t<div data-elementor-type=\"wp-page\" data-elementor-id=\"2627\" class=\"elementor elementor-2627 elementor-2605\">\n\t\t\t\t\t\t<section class=\"elementor-section elementor-top-section elementor-element elementor-element-66b0db4f elementor-section-boxed elementor-section-height-default elementor-section-height-default\" data-id=\"66b0db4f\" data-element_type=\"section\" data-settings=\"{&quot;background_background&quot;:&quot;classic&quot;}\">\n\t\t\t\t\t\t\t<div class=\"elementor-background-overlay\"><\/div>\n\t\t\t\t\t\t\t<div class=\"elementor-container elementor-column-gap-no\">\n\t\t\t\t\t<div class=\"elementor-column elementor-col-50 elementor-top-column elementor-element elementor-element-2a07b16f\" data-id=\"2a07b16f\" data-element_type=\"column\">\n\t\t\t<div class=\"elementor-widget-wrap elementor-element-populated\">\n\t\t\t\t\t\t<div class=\"elementor-element elementor-element-22ba657a elementor-widget-divider--view-line elementor-widget elementor-widget-divider\" data-id=\"22ba657a\" data-element_type=\"widget\" data-widget_type=\"divider.default\">\n\t\t\t\t\t\t\t<div class=\"elementor-divider\">\n\t\t\t<span class=\"elementor-divider-separator\">\n\t\t\t\t\t\t<\/span>\n\t\t<\/div>\n\t\t\t\t\t\t<\/div>\n\t\t\t\t<div class=\"elementor-element elementor-element-13654755 elementor-widget elementor-widget-heading\" data-id=\"13654755\" data-element_type=\"widget\" data-widget_type=\"heading.default\">\n\t\t\t\t\t<h1 class=\"elementor-heading-title elementor-size-default\">\u0623\u0646\u062c\u0648\u0633<\/h1>\t\t\t\t<\/div>\n\t\t\t\t\t<\/div>\n\t\t<\/div>\n\t\t\t\t<div class=\"elementor-column elementor-col-50 elementor-top-column elementor-element elementor-element-46a2c340\" data-id=\"46a2c340\" data-element_type=\"column\">\n\t\t\t<div class=\"elementor-widget-wrap\">\n\t\t\t\t\t\t\t<\/div>\n\t\t<\/div>\n\t\t\t\t\t<\/div>\n\t\t<\/section>\n\t\t\t\t<section class=\"elementor-section elementor-top-section elementor-element elementor-element-681f1e1 elementor-section-boxed elementor-section-height-default elementor-section-height-default\" data-id=\"681f1e1\" data-element_type=\"section\">\n\t\t\t\t\t\t<div class=\"elementor-container elementor-column-gap-no\">\n\t\t\t\t\t<div class=\"elementor-column elementor-col-100 elementor-top-column elementor-element elementor-element-70cca6b7\" data-id=\"70cca6b7\" data-element_type=\"column\">\n\t\t\t<div class=\"elementor-widget-wrap elementor-element-populated\">\n\t\t\t\t\t\t<div class=\"elementor-element elementor-element-5501b915 elementor-widget elementor-widget-heading\" data-id=\"5501b915\" data-element_type=\"widget\" data-widget_type=\"heading.default\">\n\t\t\t\t\t<h3 class=\"elementor-heading-title elementor-size-default\">\u062d\u0648\u0644 \u0627\u0646\u062c\u0648\u0633<\/h3>\t\t\t\t<\/div>\n\t\t\t\t<div class=\"elementor-element elementor-element-31ff0a25 elementor-widget__width-initial elementor-widget elementor-widget-text-editor\" data-id=\"31ff0a25\" data-element_type=\"widget\" data-widget_type=\"text-editor.default\">\n\t\t\t\t\t\t\t\t\t<p>\u0625\u0644\u0649 \u0645\u0646 \u064a\u0647\u0645\u0647 \u0627\u0644\u0623\u0645\u0631<br \/>\u0639\u0631\u0636 \u062a\u062c\u0627\u0631\u064a-\u0645\u0627\u0634\u064a\u0629 \u0628\u0644\u0627\u0643 \u0627\u0646\u062c\u0648\u0633 (\u0630\u0643\u0648\u0631)<br \/>\u062c\u0648\u062f\u0629 \u062a\u0635\u062f\u064a\u0631 \u0645\u0645\u062a\u0627\u0632\u0629 \u0645\u0646 \u0627\u0644\u0628\u0631\u0627\u0632\u064a\u0644<\/p>\n<p>\u062a\u0641\u0627\u0635\u064a\u0644 \u0627\u0644\u0645\u0646\u062a\u062c<br \/>\u0627\u0644\u0633\u0644\u0627\u0644\u0629: \u0628\u0644\u0627\u0643 \u0627\u0646\u062c\u0648\u0633-\u0630\u0643\u0648\u0631<\/p>\n<p>\u0627\u0644\u0643\u0645\u064a\u0629: 7.000 \u0631\u0623\u0633<\/p>\n<p>\u0645\u062a\u0648\u0633\u0637 \u0627\u0644\u0648\u0632\u0646: 550-600 \u0643\u062c\u0645<\/p>\n<p>\u0627\u0644\u0627\u062e\u062a\u0644\u0627\u0641 \u0627\u0644\u0645\u0633\u0645\u0648\u062d \u0628\u0647: 10 \u062f\u0648\u0644\u0627\u0631\u0627\u062a%<\/p>\n<p>\u0645\u062f\u0629 \u0627\u0644\u062a\u0633\u0644\u064a\u0645: \u0641\u0648\u0628 \u0645\u064a\u0646\u0627\u0621 \u0627\u0644\u0645\u0646\u0634\u0623<\/p>\n<p>\u0623\u0635\u0644 \u0628\u0631\u0627\u0632\u064a\u0644\u064a \u0645\u0628\u0627\u0634\u0631<\/p>\n<p>\u0627\u0644\u062a\u062d\u0645\u064a\u0644 \u0648\u0627\u0644\u0645\u0646\u0627\u0648\u0644\u0629 \u0627\u0644\u0645\u0639\u062a\u0645\u062f\u0629<\/p>\n<p>\u062d\u064a\u0648\u0627\u0646\u0627\u062a \u062c\u0627\u0647\u0632\u0629 \u0644\u0644\u062a\u0635\u062f\u064a\u0631 \u060c \u0645\u0639\u062f\u0629 \u0648\u0641\u0642\u0627 \u0644\u0645\u0639\u0627\u064a\u064a\u0631 \u062e\u0627\u0636\u0639\u0629 \u0644\u0644\u0631\u0642\u0627\u0628\u0629<\/p>\n<p>\u062a\u0648\u0627\u0641\u0631 \u0627\u0644\u0633\u0641\u064a\u0646\u0629: \u064a\u0646\u0627\u064a\u0631 2026<\/p>\n<p>\u0627\u0644\u0641\u0627\u062a\u0648\u0631\u0629 \u0627\u0644\u0646\u0647\u0627\u0626\u064a\u0629 \u0628\u0646\u0627\u0621 \u0639\u0644\u0649 \u0648\u0632\u0646 \u0627\u0644\u062a\u062d\u0645\u064a\u0644 \u0627\u0644\u0645\u0639\u062a\u0645\u062f<\/p>\n\t\t\t\t\t\t\t\t<\/div>\n\t\t\t\t\t<\/div>\n\t\t<\/div>\n\t\t\t\t\t<\/div>\n\t\t<\/section>\n\t\t\t\t<section class=\"elementor-section elementor-top-section elementor-element elementor-element-6f0b90ec elementor-section-boxed elementor-section-height-default elementor-section-height-default\" data-id=\"6f0b90ec\" data-element_type=\"section\">\n\t\t\t\t\t\t<div class=\"elementor-container elementor-column-gap-no\">\n\t\t\t\t\t<div class=\"elementor-column elementor-col-100 elementor-top-column elementor-element elementor-element-36c2ac72\" data-id=\"36c2ac72\" data-element_type=\"column\">\n\t\t\t<div class=\"elementor-widget-wrap elementor-element-populated\">\n\t\t\t\t\t\t<section class=\"elementor-section elementor-inner-section elementor-element elementor-element-3e78c6d5 elementor-section-content-middle elementor-section-boxed elementor-section-height-default elementor-section-height-default\" data-id=\"3e78c6d5\" data-element_type=\"section\">\n\t\t\t\t\t\t<div class=\"elementor-container elementor-column-gap-no\">\n\t\t\t\t\t<div class=\"elementor-column elementor-col-100 elementor-inner-column elementor-element elementor-element-6a4eb3f7\" data-id=\"6a4eb3f7\" data-element_type=\"column\">\n\t\t\t<div class=\"elementor-widget-wrap elementor-element-populated\">\n\t\t\t\t\t\t<div class=\"elementor-element elementor-element-61e2e59e elementor-widget elementor-widget-image\" data-id=\"61e2e59e\" data-element_type=\"widget\" data-widget_type=\"image.default\">\n\t\t\t\t\t\t\t\t\t\t\t\t\t\t\t<img fetchpriority=\"high\" decoding=\"async\" width=\"1438\" height=\"680\" src=\"https:\/\/www.mayexportimport.com\/wp-content\/uploads\/2025\/11\/Ekran-goruntusu-2025-11-21-111157.png\" class=\"attachment-full size-full wp-image-2610\" alt=\"\" srcset=\"https:\/\/www.mayexportimport.com\/wp-content\/uploads\/2025\/11\/Ekran-goruntusu-2025-11-21-111157.png 1438w, https:\/\/www.mayexportimport.com\/wp-content\/uploads\/2025\/11\/Ekran-goruntusu-2025-11-21-111157-300x142.png 300w, https:\/\/www.mayexportimport.com\/wp-content\/uploads\/2025\/11\/Ekran-goruntusu-2025-11-21-111157-1024x484.png 1024w, https:\/\/www.mayexportimport.com\/wp-content\/uploads\/2025\/11\/Ekran-goruntusu-2025-11-21-111157-768x363.png 768w\" sizes=\"(max-width: 1438px) 100vw, 1438px\" \/>\t\t\t\t\t\t\t\t\t\t\t\t\t\t\t<\/div>\n\t\t\t\t\t<\/div>\n\t\t<\/div>\n\t\t\t\t\t<\/div>\n\t\t<\/section>\n\t\t\t\t\t<\/div>\n\t\t<\/div>\n\t\t\t\t\t<\/div>\n\t\t<\/section>\n\t\t\t\t<section class=\"elementor-section elementor-top-section elementor-element elementor-element-1e278d5d elementor-section-boxed elementor-section-height-default elementor-section-height-default\" data-id=\"1e278d5d\" data-element_type=\"section\">\n\t\t\t\t\t\t<div class=\"elementor-container elementor-column-gap-default\">\n\t\t\t\t\t<div class=\"elementor-column elementor-col-100 elementor-top-column elementor-element elementor-element-8a44f3b\" data-id=\"8a44f3b\" data-element_type=\"column\">\n\t\t\t<div class=\"elementor-widget-wrap elementor-element-populated\">\n\t\t\t\t\t\t<div class=\"elementor-element elementor-element-71188088 elementor-widget elementor-widget-video\" data-id=\"71188088\" data-element_type=\"widget\" data-settings=\"{&quot;video_type&quot;:&quot;hosted&quot;,&quot;show_image_overlay&quot;:&quot;yes&quot;,&quot;image_overlay&quot;:{&quot;url&quot;:&quot;https:\\\/\\\/www.mayexportimport.com\\\/wp-content\\\/uploads\\\/2021\\\/11\\\/WhatsApp-Image-2021-10-20-at-12.32.19.jpeg&quot;,&quot;id&quot;:1250,&quot;size&quot;:&quot;&quot;,&quot;alt&quot;:&quot;&quot;,&quot;source&quot;:&quot;library&quot;},&quot;controls&quot;:&quot;yes&quot;}\" data-widget_type=\"video.default\">\n\t\t\t\t\t\t\t<div class=\"e-hosted-video elementor-wrapper elementor-open-inline\">\n\t\t\t\t\t<video class=\"elementor-video\" src=\"https:\/\/www.mayexportimport.com\/wp-content\/uploads\/2025\/11\/ANGUSVIDEO.mp4\" controls=\"\" preload=\"metadata\" controlsList=\"nodownload\"><\/video>\n\t\t\t\t\t\t<div class=\"elementor-custom-embed-image-overlay\" style=\"background-image: url(https:\/\/www.mayexportimport.com\/wp-content\/uploads\/2021\/11\/WhatsApp-Image-2021-10-20-at-12.32.19.jpeg);\">\n\t\t\t\t\t\t\t\t\t\t\t\t\t\t\t\t<div class=\"elementor-custom-embed-play\" role=\"button\" aria-label=\"\u062a\u0634\u063a\u064a\u0644 \u0627\u0644\u0641\u064a\u062f\u064a\u0648\" tabindex=\"0\">\n\t\t\t\t\t\t\t<i aria-hidden=\"true\" class=\"eicon-play\"><\/i>\t\t\t\t\t\t<\/div>\n\t\t\t\t\t\t\t\t\t<\/div>\n\t\t\t\t\t<\/div>\n\t\t\t\t\t\t<\/div>\n\t\t\t\t\t<\/div>\n\t\t<\/div>\n\t\t\t\t\t<\/div>\n\t\t<\/section>\n\t\t\t\t<section class=\"elementor-section elementor-top-section elementor-element elementor-element-74c1b8c elementor-section-content-middle elementor-section-boxed elementor-section-height-default elementor-section-height-default\" data-id=\"74c1b8c\" data-element_type=\"section\" data-settings=\"{&quot;background_background&quot;:&quot;classic&quot;}\">\n\t\t\t\t\t\t<div class=\"elementor-container elementor-column-gap-no\">\n\t\t\t\t\t<div class=\"elementor-column elementor-col-66 elementor-top-column elementor-element elementor-element-7ef23047\" data-id=\"7ef23047\" data-element_type=\"column\">\n\t\t\t<div class=\"elementor-widget-wrap elementor-element-populated\">\n\t\t\t\t\t\t<div class=\"elementor-element elementor-element-6a7863a2 elementor-widget elementor-widget-text-editor\" data-id=\"6a7863a2\" data-element_type=\"widget\" data-widget_type=\"text-editor.default\">\n\t\t\t\t\t\t\t\t\t<p><span style=\"color: #3366ff;\"><strong>TURKEY:<\/strong><\/span> T\u00dcRKLER MAHALLES\u0130 G\u00d6LC\u00dcK CADDES\u0130 FU\u011eLA MEVK\u0130\u0130 FATMA S\u0130PAH\u0130O\u011eLU \u0130\u015e MERKEZ\u0130 D BLOK NO:4 T\u00dcRKLER &#8211; ALANYA \/ ANTALYA<\/p>\n<p><span style=\"color: #3366ff;\"><strong>TURKEY:<\/strong><\/span> SUN PLAZA MASLAK, BILIM SOKAK, N0:5, 34398-<br \/>SARIYER &#8211; ISTANBUL\u00a0&#8211;\u00a0TURK\u0130YE<\/p>\n<p><span style=\"color: #3366ff;\"><strong>DUBAI:<\/strong><\/span> HARVEST HARBOR GENERAL TRAD\u0130NG L.L.C, BUS\u0130NESS PARK ,DUBAI<\/p>\n<p><span style=\"color: #3366ff;\"><strong>BRAZIL :<\/strong><\/span> AVENIDA FAGUNDES FILHO,252-CJ.146-SAO JUDAS -SAOPAULO\/BRAZIL<\/p>\n\t\t\t\t\t\t\t\t<\/div>\n\t\t\t\t<div class=\"elementor-element elementor-element-34b1e4dd elementor-widget-divider--view-line elementor-widget elementor-widget-divider\" data-id=\"34b1e4dd\" data-element_type=\"widget\" data-widget_type=\"divider.default\">\n\t\t\t\t\t\t\t<div class=\"elementor-divider\">\n\t\t\t<span class=\"elementor-divider-separator\">\n\t\t\t\t\t\t<\/span>\n\t\t<\/div>\n\t\t\t\t\t\t<\/div>\n\t\t\t\t<div class=\"elementor-element elementor-element-67939e21 elementor-widget elementor-widget-heading\" data-id=\"67939e21\" data-element_type=\"widget\" data-widget_type=\"heading.default\">\n\t\t\t\t\t<h5 class=\"elementor-heading-title elementor-size-default\"><br>WhapsApp : +90 543 330 8063<\/h5>\t\t\t\t<\/div>\n\t\t\t\t\t<\/div>\n\t\t<\/div>\n\t\t\t\t<div class=\"elementor-column elementor-col-33 elementor-top-column elementor-element elementor-element-502f539e\" data-id=\"502f539e\" data-element_type=\"column\">\n\t\t\t<div class=\"elementor-widget-wrap elementor-element-populated\">\n\t\t\t\t\t\t<div class=\"elementor-element elementor-element-7ef673d1 elementor-widget elementor-widget-image\" data-id=\"7ef673d1\" data-element_type=\"widget\" data-widget_type=\"image.default\">\n\t\t\t\t\t\t\t\t\t\t\t\t\t\t\t<img decoding=\"async\" width=\"934\" height=\"1024\" src=\"https:\/\/www.mayexportimport.com\/wp-content\/uploads\/2024\/11\/IMG-20241116-WA0046-934x1024.jpg\" class=\"attachment-large size-large wp-image-2085\" alt=\"\" srcset=\"https:\/\/www.mayexportimport.com\/wp-content\/uploads\/2024\/11\/IMG-20241116-WA0046-934x1024.jpg 934w, https:\/\/www.mayexportimport.com\/wp-content\/uploads\/2024\/11\/IMG-20241116-WA0046-274x300.jpg 274w, https:\/\/www.mayexportimport.com\/wp-content\/uploads\/2024\/11\/IMG-20241116-WA0046-768x842.jpg 768w, https:\/\/www.mayexportimport.com\/wp-content\/uploads\/2024\/11\/IMG-20241116-WA0046.jpg 968w\" sizes=\"(max-width: 934px) 100vw, 934px\" \/>\t\t\t\t\t\t\t\t\t\t\t\t\t\t\t<\/div>\n\t\t\t\t\t<\/div>\n\t\t<\/div>\n\t\t\t\t\t<\/div>\n\t\t<\/section>\n\t\t\t\t<\/div>\n\t\t","protected":false},"excerpt":{"rendered":"<p>\u0623\u0646\u062c\u0648\u0633 \u062d\u0648\u0644 \u0627\u0646\u062c\u0648\u0633 \u0625\u0644\u0649 \u0645\u0646 \u064a\u0647\u0645\u0647 \u0627\u0644\u0623\u0645\u0631\u0639\u0631\u0636 \u062a\u062c\u0627\u0631\u064a-\u0645\u0627\u0634\u064a\u0629 \u0628\u0644\u0627\u0643 \u0627\u0646\u062c\u0648\u0633 (\u0630\u0643\u0648\u0631)\u062c\u0648\u062f\u0629 \u062a\u0635\u062f\u064a\u0631 \u0645\u0645\u062a\u0627\u0632\u0629 \u0645\u0646 \u0627\u0644\u0628\u0631\u0627\u0632\u064a\u0644 \u062a\u0641\u0627\u0635\u064a\u0644 \u0627\u0644\u0645\u0646\u062a\u062c\u0627\u0644\u0633\u0644\u0627\u0644\u0629: \u0628\u0644\u0627\u0643 \u0627\u0646\u062c\u0648\u0633-\u0630\u0643\u0648\u0631 \u0627\u0644\u0643\u0645\u064a\u0629: 7.000 \u0631\u0623\u0633 \u0645\u062a\u0648\u0633\u0637 \u0627\u0644\u0648\u0632\u0646: 550-600 \u0643\u062c\u0645 \u0627\u0644\u0627\u062e\u062a\u0644\u0627\u0641 \u0627\u0644\u0645\u0633\u0645\u0648\u062d \u0628\u0647: 10 \u062f\u0648\u0644\u0627\u0631\u0627\u062a% \u0645\u062f\u0629 \u0627\u0644\u062a\u0633\u0644\u064a\u0645: \u0641\u0648\u0628 \u0645\u064a\u0646\u0627\u0621 \u0627\u0644\u0645\u0646\u0634\u0623 \u0623\u0635\u0644 \u0628\u0631\u0627\u0632\u064a\u0644\u064a \u0645\u0628\u0627\u0634\u0631 \u0627\u0644\u062a\u062d\u0645\u064a\u0644 \u0648\u0627\u0644\u0645\u0646\u0627\u0648\u0644\u0629 \u0627\u0644\u0645\u0639\u062a\u0645\u062f\u0629 \u062d\u064a\u0648\u0627\u0646\u0627\u062a \u062c\u0627\u0647\u0632\u0629 \u0644\u0644\u062a\u0635\u062f\u064a\u0631 \u060c \u0645\u0639\u062f\u0629 \u0648\u0641\u0642\u0627 \u0644\u0645\u0639\u0627\u064a\u064a\u0631 \u062e\u0627\u0636\u0639\u0629 \u0644\u0644\u0631\u0642\u0627\u0628\u0629 \u062a\u0648\u0627\u0641\u0631 \u0627\u0644\u0633\u0641\u064a\u0646\u0629: \u064a\u0646\u0627\u064a\u0631 2026 [&hellip;]<\/p>\n","protected":false},"author":1,"featured_media":0,"parent":0,"menu_order":0,"comment_status":"closed","ping_status":"closed","template":"elementor_header_footer","meta":{"site-sidebar-layout":"no-sidebar","site-content-layout":"page-builder","ast-site-content-layout":"full-width-container","site-content-style":"default","site-sidebar-style":"default","ast-global-header-display":"","ast-banner-title-visibility":"","ast-main-header-display":"","ast-hfb-above-header-display":"","ast-hfb-below-header-display":"","ast-hfb-mobile-header-display":"","site-post-title":"disabled","ast-breadcrumbs-content":"","ast-featured-img":"disabled","footer-sml-layout":"","theme-transparent-header-meta":"enabled","adv-header-id-meta":"","stick-header-meta":"","header-above-stick-meta":"","header-main-stick-meta":"","header-below-stick-meta":"","astra-migrate-meta-layouts":"default","ast-page-background-enabled":"default","ast-page-background-meta":{"desktop":{"background-color":"","background-image":"","background-repeat":"repeat","background-position":"center center","background-size":"auto","background-attachment":"scroll","background-type":"","background-media":"","overlay-type":"","overlay-color":"","overlay-opacity":"","overlay-gradient":""},"tablet":{"background-color":"","background-image":"","background-repeat":"repeat","background-position":"center center","background-size":"auto","background-attachment":"scroll","background-type":"","background-media":"","overlay-type":"","overlay-color":"","overlay-opacity":"","overlay-gradient":""},"mobile":{"background-color":"","background-image":"","background-repeat":"repeat","background-position":"center center","background-size":"auto","background-attachment":"scroll","background-type":"","background-media":"","overlay-type":"","overlay-color":"","overlay-opacity":"","overlay-gradient":""}},"ast-content-background-meta":{"desktop":{"background-color":"var(--ast-global-color-5)","background-image":"","background-repeat":"repeat","background-position":"center center","background-size":"auto","background-attachment":"scroll","background-type":"","background-media":"","overlay-type":"","overlay-color":"","overlay-opacity":"","overlay-gradient":""},"tablet":{"background-color":"var(--ast-global-color-5)","background-image":"","background-repeat":"repeat","background-position":"center center","background-size":"auto","background-attachment":"scroll","background-type":"","background-media":"","overlay-type":"","overlay-color":"","overlay-opacity":"","overlay-gradient":""},"mobile":{"background-color":"var(--ast-global-color-5)","background-image":"","background-repeat":"repeat","background-position":"center center","background-size":"auto","background-attachment":"scroll","background-type":"","background-media":"","overlay-type":"","overlay-color":"","overlay-opacity":"","overlay-gradient":""}},"footnotes":""},"class_list":["post-2627","page","type-page","status-publish","hentry"],"_links":{"self":[{"href":"https:\/\/www.mayexportimport.com\/ar\/wp-json\/wp\/v2\/pages\/2627","targetHints":{"allow":["GET"]}}],"collection":[{"href":"https:\/\/www.mayexportimport.com\/ar\/wp-json\/wp\/v2\/pages"}],"about":[{"href":"https:\/\/www.mayexportimport.com\/ar\/wp-json\/wp\/v2\/types\/page"}],"author":[{"embeddable":true,"href":"https:\/\/www.mayexportimport.com\/ar\/wp-json\/wp\/v2\/users\/1"}],"replies":[{"embeddable":true,"href":"https:\/\/www.mayexportimport.com\/ar\/wp-json\/wp\/v2\/comments?post=2627"}],"version-history":[{"count":11,"href":"https:\/\/www.mayexportimport.com\/ar\/wp-json\/wp\/v2\/pages\/2627\/revisions"}],"predecessor-version":[{"id":2723,"href":"https:\/\/www.mayexportimport.com\/ar\/wp-json\/wp\/v2\/pages\/2627\/revisions\/2723"}],"wp:attachment":[{"href":"https:\/\/www.mayexportimport.com\/ar\/wp-json\/wp\/v2\/media?parent=2627"}],"curies":[{"name":"wp","href":"https:\/\/api.w.org\/{rel}","templated":true}]}}